{"id":1358,"date":"2022-02-15T17:31:00","date_gmt":"2022-02-15T16:31:00","guid":{"rendered":"https:\/\/www.hotelreginajesolo.it\/hotel\/"},"modified":"2025-08-10T15:38:04","modified_gmt":"2025-08-10T14:38:04","slug":"hotel","status":"publish","type":"page","link":"https:\/\/www.hotelreginajesolo.it\/de\/hotel\/","title":{"rendered":"Hotel"},"content":{"rendered":"\t\t<div data-elementor-type=\"wp-page\" data-elementor-id=\"1358\" class=\"elementor elementor-1358 elementor-244\" data-elementor-post-type=\"page\">\n\t\t\t\t\t\t<section class=\"elementor-section elementor-top-section elementor-element elementor-element-2628d7e elementor-section-full_width elementor-section-height-default elementor-section-height-default\" data-id=\"2628d7e\" data-element_type=\"section\" data-e-type=\"section\">\n\t\t\t\t\t\t<div class=\"elementor-container elementor-column-gap-no\">\n\t\t\t\t\t<div class=\"elementor-column elementor-col-100 elementor-top-column elementor-element elementor-element-43f1930\" data-id=\"43f1930\" data-element_type=\"column\" data-e-type=\"column\">\n\t\t\t<div class=\"elementor-widget-wrap elementor-element-populated\">\n\t\t\t\t\t\t<div class=\"elementor-element elementor-element-3469673 elementor-arrows-position-inside elementor-pagination-position-outside elementor-widget elementor-widget-image-carousel\" data-id=\"3469673\" data-element_type=\"widget\" data-e-type=\"widget\" data-settings=\"{&quot;slides_to_show&quot;:&quot;2&quot;,&quot;slides_to_scroll&quot;:&quot;1&quot;,&quot;speed&quot;:1000,&quot;slides_to_show_tablet&quot;:&quot;1&quot;,&quot;navigation&quot;:&quot;both&quot;,&quot;autoplay&quot;:&quot;yes&quot;,&quot;pause_on_hover&quot;:&quot;yes&quot;,&quot;pause_on_interaction&quot;:&quot;yes&quot;,&quot;autoplay_speed&quot;:5000,&quot;infinite&quot;:&quot;yes&quot;}\" data-widget_type=\"image-carousel.default\">\n\t\t\t\t<div class=\"elementor-widget-container\">\n\t\t\t\t\t\t\t<div class=\"elementor-image-carousel-wrapper swiper\" role=\"region\" aria-roledescription=\"carousel\" aria-label=\"Bild Karussell\" dir=\"ltr\">\n\t\t\t<div class=\"elementor-image-carousel swiper-wrapper\" aria-live=\"off\">\n\t\t\t\t\t\t\t\t<div class=\"swiper-slide\" role=\"group\" aria-roledescription=\"slide\" aria-label=\"1 von 21\"><figure class=\"swiper-slide-inner\"><img decoding=\"async\" class=\"swiper-slide-image\" src=\"https:\/\/www.hotelreginajesolo.it\/wp-content\/uploads\/2025\/08\/facciata-nuova-scaled-e1754748777365.jpg\" alt=\"facciata nuova\" \/><\/figure><\/div><div class=\"swiper-slide\" role=\"group\" aria-roledescription=\"slide\" aria-label=\"2 von 21\"><figure class=\"swiper-slide-inner\"><img decoding=\"async\" class=\"swiper-slide-image\" src=\"https:\/\/www.hotelreginajesolo.it\/wp-content\/uploads\/2022\/03\/hotel-regina-jesolo-03.jpg\" alt=\"hotel-regina-jesolo-03\" \/><\/figure><\/div><div class=\"swiper-slide\" role=\"group\" aria-roledescription=\"slide\" aria-label=\"3 von 21\"><figure class=\"swiper-slide-inner\"><img decoding=\"async\" class=\"swiper-slide-image\" src=\"https:\/\/www.hotelreginajesolo.it\/wp-content\/uploads\/2025\/08\/entrata-nuova13-scaled-e1754832875641.jpg\" alt=\"entrata nuova13\" \/><\/figure><\/div><div class=\"swiper-slide\" role=\"group\" aria-roledescription=\"slide\" aria-label=\"4 von 21\"><figure class=\"swiper-slide-inner\"><img decoding=\"async\" class=\"swiper-slide-image\" src=\"https:\/\/www.hotelreginajesolo.it\/wp-content\/uploads\/2025\/08\/sole-nuova-scaled-e1754748984231.jpg\" alt=\"sole nuova\" \/><\/figure><\/div><div class=\"swiper-slide\" role=\"group\" aria-roledescription=\"slide\" aria-label=\"5 von 21\"><figure class=\"swiper-slide-inner\"><img decoding=\"async\" class=\"swiper-slide-image\" src=\"https:\/\/www.hotelreginajesolo.it\/wp-content\/uploads\/2024\/02\/Hotel-Regina-facciata-3-1-scaled.jpg\" alt=\"Hotel Regina - facciata 3\" \/><\/figure><\/div><div class=\"swiper-slide\" role=\"group\" aria-roledescription=\"slide\" aria-label=\"6 von 21\"><figure class=\"swiper-slide-inner\"><img decoding=\"async\" class=\"swiper-slide-image\" src=\"https:\/\/www.hotelreginajesolo.it\/wp-content\/uploads\/2022\/10\/Hotel-Regina-003-1.jpg\" alt=\"Hotel Regina - 003\" \/><\/figure><\/div><div class=\"swiper-slide\" role=\"group\" aria-roledescription=\"slide\" aria-label=\"7 von 21\"><figure class=\"swiper-slide-inner\"><img decoding=\"async\" class=\"swiper-slide-image\" src=\"https:\/\/www.hotelreginajesolo.it\/wp-content\/uploads\/2022\/10\/Hotel-Regina-012-1.jpg\" alt=\"Hotel Regina - 012\" \/><\/figure><\/div><div class=\"swiper-slide\" role=\"group\" aria-roledescription=\"slide\" aria-label=\"8 von 21\"><figure class=\"swiper-slide-inner\"><img decoding=\"async\" class=\"swiper-slide-image\" src=\"https:\/\/www.hotelreginajesolo.it\/wp-content\/uploads\/2022\/10\/Hotel-Regina-005-1.jpg\" alt=\"Hotel Regina - 005\" \/><\/figure><\/div><div class=\"swiper-slide\" role=\"group\" aria-roledescription=\"slide\" aria-label=\"9 von 21\"><figure class=\"swiper-slide-inner\"><img decoding=\"async\" class=\"swiper-slide-image\" src=\"https:\/\/www.hotelreginajesolo.it\/wp-content\/uploads\/2025\/08\/maria-e-martina1-scaled-e1754749124963.jpg\" alt=\"maria e martina1\" \/><\/figure><\/div><div class=\"swiper-slide\" role=\"group\" aria-roledescription=\"slide\" aria-label=\"10 von 21\"><figure class=\"swiper-slide-inner\"><img decoding=\"async\" class=\"swiper-slide-image\" src=\"https:\/\/www.hotelreginajesolo.it\/wp-content\/uploads\/2025\/08\/Informazioni-nuova-scaled-e1754749161762.jpg\" alt=\"Informazioni nuova\" \/><\/figure><\/div><div class=\"swiper-slide\" role=\"group\" aria-roledescription=\"slide\" aria-label=\"11 von 21\"><figure class=\"swiper-slide-inner\"><img decoding=\"async\" class=\"swiper-slide-image\" src=\"https:\/\/www.hotelreginajesolo.it\/wp-content\/uploads\/2025\/08\/IMG_9327-scaled-e1754832326745.jpg\" alt=\"IMG_9327\" \/><\/figure><\/div><div class=\"swiper-slide\" role=\"group\" aria-roledescription=\"slide\" aria-label=\"12 von 21\"><figure class=\"swiper-slide-inner\"><img decoding=\"async\" class=\"swiper-slide-image\" src=\"https:\/\/www.hotelreginajesolo.it\/wp-content\/uploads\/2022\/03\/Hotel-Regina-dettaglio-2.jpg\" alt=\"Hotel Regina - dettaglio 2\" \/><\/figure><\/div><div class=\"swiper-slide\" role=\"group\" aria-roledescription=\"slide\" aria-label=\"13 von 21\"><figure class=\"swiper-slide-inner\"><img decoding=\"async\" class=\"swiper-slide-image\" src=\"https:\/\/www.hotelreginajesolo.it\/wp-content\/uploads\/2025\/08\/IMG_9321-scaled-e1754832542647.jpg\" alt=\"IMG_9321\" \/><\/figure><\/div><div class=\"swiper-slide\" role=\"group\" aria-roledescription=\"slide\" aria-label=\"14 von 21\"><figure class=\"swiper-slide-inner\"><img decoding=\"async\" class=\"swiper-slide-image\" src=\"https:\/\/www.hotelreginajesolo.it\/wp-content\/uploads\/2022\/03\/Hotel-Regina-dettaglio-3.jpg\" alt=\"Hotel Regina - dettaglio 3\" \/><\/figure><\/div><div class=\"swiper-slide\" role=\"group\" aria-roledescription=\"slide\" aria-label=\"15 von 21\"><figure class=\"swiper-slide-inner\"><img decoding=\"async\" class=\"swiper-slide-image\" src=\"https:\/\/www.hotelreginajesolo.it\/wp-content\/uploads\/2025\/08\/saletta-nuova3-scaled-e1754832698641.jpg\" alt=\"saletta nuova3\" \/><\/figure><\/div><div class=\"swiper-slide\" role=\"group\" aria-roledescription=\"slide\" aria-label=\"16 von 21\"><figure class=\"swiper-slide-inner\"><img decoding=\"async\" class=\"swiper-slide-image\" src=\"https:\/\/www.hotelreginajesolo.it\/wp-content\/uploads\/2025\/08\/saletta-nuova1-scaled-e1754749551479.jpg\" alt=\"saletta nuova1\" \/><\/figure><\/div><div class=\"swiper-slide\" role=\"group\" aria-roledescription=\"slide\" aria-label=\"17 von 21\"><figure class=\"swiper-slide-inner\"><img decoding=\"async\" class=\"swiper-slide-image\" src=\"https:\/\/www.hotelreginajesolo.it\/wp-content\/uploads\/2025\/08\/saletta-nuova6-scaled-e1754749274693.jpg\" alt=\"saletta nuova6\" \/><\/figure><\/div><div class=\"swiper-slide\" role=\"group\" aria-roledescription=\"slide\" aria-label=\"18 von 21\"><figure class=\"swiper-slide-inner\"><img decoding=\"async\" class=\"swiper-slide-image\" src=\"https:\/\/www.hotelreginajesolo.it\/wp-content\/uploads\/2024\/02\/IMG_0636-3-scaled.jpg\" alt=\"IMG_0636\" \/><\/figure><\/div><div class=\"swiper-slide\" role=\"group\" aria-roledescription=\"slide\" aria-label=\"19 von 21\"><figure class=\"swiper-slide-inner\"><img decoding=\"async\" class=\"swiper-slide-image\" src=\"https:\/\/www.hotelreginajesolo.it\/wp-content\/uploads\/2024\/02\/IMG_0630-3-scaled.jpg\" alt=\"IMG_0630\" \/><\/figure><\/div><div class=\"swiper-slide\" role=\"group\" aria-roledescription=\"slide\" aria-label=\"20 von 21\"><figure class=\"swiper-slide-inner\"><img decoding=\"async\" class=\"swiper-slide-image\" src=\"https:\/\/www.hotelreginajesolo.it\/wp-content\/uploads\/2024\/02\/Hotel-Regina-park-4-1-scaled.jpg\" alt=\"Hotel Regina - park 4\" \/><\/figure><\/div><div class=\"swiper-slide\" role=\"group\" aria-roledescription=\"slide\" aria-label=\"21 von 21\"><figure class=\"swiper-slide-inner\"><img decoding=\"async\" class=\"swiper-slide-image\" src=\"https:\/\/www.hotelreginajesolo.it\/wp-content\/uploads\/2025\/08\/fiori-parcheggio-nuova-scaled-e1754749445620.jpg\" alt=\"fiori parcheggio nuova\" \/><\/figure><\/div>\t\t\t<\/div>\n\t\t\t\t\t\t\t\t\t\t\t\t<div class=\"elementor-swiper-button elementor-swiper-button-prev\" role=\"button\" tabindex=\"0\">\n\t\t\t\t\t\t<i aria-hidden=\"true\" class=\"eicon-chevron-left\"><\/i>\t\t\t\t\t<\/div>\n\t\t\t\t\t<div class=\"elementor-swiper-button elementor-swiper-button-next\" role=\"button\" tabindex=\"0\">\n\t\t\t\t\t\t<i aria-hidden=\"true\" class=\"eicon-chevron-right\"><\/i>\t\t\t\t\t<\/div>\n\t\t\t\t\n\t\t\t\t\t\t\t\t\t<div class=\"swiper-pagination\"><\/div>\n\t\t\t\t\t\t\t\t\t<\/div>\n\t\t\t\t\t\t<\/div>\n\t\t\t\t<\/div>\n\t\t\t\t\t<\/div>\n\t\t<\/div>\n\t\t\t\t\t<\/div>\n\t\t<\/section>\n\t\t\t\t<section class=\"elementor-section elementor-top-section elementor-element elementor-element-be5e1c1 elementor-section-content-middle elementor-section-boxed elementor-section-height-default elementor-section-height-default\" data-id=\"be5e1c1\" data-element_type=\"section\" data-e-type=\"section\">\n\t\t\t\t\t\t<div class=\"elementor-container elementor-column-gap-wider\">\n\t\t\t\t\t<div class=\"elementor-column elementor-col-100 elementor-top-column elementor-element elementor-element-f44069c\" data-id=\"f44069c\" data-element_type=\"column\" data-e-type=\"column\">\n\t\t\t<div class=\"elementor-widget-wrap elementor-element-populated\">\n\t\t\t\t\t\t<div class=\"elementor-element elementor-element-a706311 elementor-view-default elementor-widget elementor-widget-icon\" data-id=\"a706311\" data-element_type=\"widget\" data-e-type=\"widget\" data-widget_type=\"icon.default\">\n\t\t\t\t<div class=\"elementor-widget-container\">\n\t\t\t\t\t\t\t<div class=\"elementor-icon-wrapper\">\n\t\t\t<div class=\"elementor-icon\">\n\t\t\t<svg xmlns=\"http:\/\/www.w3.org\/2000\/svg\" id=\"Livello_2\" viewBox=\"0 0 392 515.2\"><g id=\"Livello_1-2\"><path d=\"M196,0l-12.6,26.25-29.4,3.68,21.52,19.95-5.43,28.52,25.9-13.82,25.9,13.82-5.43-28.52,21.52-19.95-29.4-3.68L195.99,0h0ZM109.2,16.8l-8.93,19.25-21.88,2.1,16.45,14-4.73,20.65,19.07-10.68,19.07,10.68-4.73-20.65,16.45-14-21.88-2.1-8.93-19.25h0Zm173.6,0l-8.93,19.25-21.88,2.1,16.45,14-4.73,20.65,19.07-10.68,19.07,10.68-4.73-20.65,16.45-14-21.88-2.1-8.93-19.25h0ZM0,89.6v425.6H134.4v-123.2h123.2v123.2h134.4V89.6H0Zm33.6,33.6h56v56H33.6v-56Zm89.6,0h56v56h-56v-56Zm89.6,0h56v56h-56v-56Zm89.6,0h56v56h-56v-56ZM33.61,212.81h56v56H33.61v-56Zm89.6,0h56v56h-56v-56Zm89.6,0h56v56h-56v-56Zm89.6,0h56v56h-56v-56ZM33.61,302.41h56v56H33.61v-56Zm89.6,0h56v56h-56v-56Zm89.6,0h56v56h-56v-56Zm89.6,0h56v56h-56v-56ZM33.62,392.01h56v56H33.62v-56Zm268.8,0h56v56h-56v-56Z\"><\/path><\/g><\/svg>\t\t\t<\/div>\n\t\t<\/div>\n\t\t\t\t\t\t<\/div>\n\t\t\t\t<\/div>\n\t\t\t\t<div class=\"elementor-element elementor-element-e67460a elementor-widget elementor-widget-heading\" data-id=\"e67460a\" data-element_type=\"widget\" data-e-type=\"widget\" data-widget_type=\"heading.default\">\n\t\t\t\t<div class=\"elementor-widget-container\">\n\t\t\t\t\t<h2 class=\"elementor-heading-title elementor-size-default\">Hotel Regina<\/h2>\t\t\t\t<\/div>\n\t\t\t\t<\/div>\n\t\t\t\t<div class=\"elementor-element elementor-element-6a88ae4 elementor-widget elementor-widget-text-editor\" data-id=\"6a88ae4\" data-element_type=\"widget\" data-e-type=\"widget\" data-widget_type=\"text-editor.default\">\n\t\t\t\t<div class=\"elementor-widget-container\">\n\t\t\t\t\t\t\t\t\t<div class=\"page\" title=\"Page 1\"><div class=\"section\"><div class=\"layoutArea\"><div class=\"column\"><p style=\"text-align: center;\">Das Hotel Regina liegt im Herzen des Lido von Jesolo, mit Blick auf die pulsierende Via Bafile,\u00a0eine Stra\u00dfe mit Lokalen jeglicher Art: Restaurants, Bars und Gesch\u00e4fte f\u00fcr jeden Bedarf.\u00a0Darunter auch die Terrazza Regina, eine l\u00e4ssige Cocktail Bar mit direktem Zugang\u00a0vom Hotel aus,\u00a0<span style=\"color: var( --e-global-color-text ); background-color: var( --e-global-color-89538b6 ); font-family: var( --e-global-typography-text-font-family ), Sans-serif; font-size: var( --e-global-typography-text-font-size ); font-weight: var( --e-global-typography-text-font-weight );\">wo man entspannen und hervorragende Drinks und Snacks genie\u00dfen kann. <\/span>Das Hotel Regina liegt im Zentrum, aber nur einen Steinwurf vom Meer entfernt, und verf\u00fcgt \u00fcber einen eigenen Strand.\u00a0Das Hotel ist au\u00dferdem nicht weit vom Busbahnhof von Jesolo entfernt,\u00a0der einfach per Taxi oder zu Fu\u00df erreichbar ist. All dies f\u00fcr einen perfekten Relax-Urlaub zwischen Meer und Strand,\u00a0<span style=\"color: var( --e-global-color-text ); background-color: var( --e-global-color-89538b6 ); font-family: var( --e-global-typography-text-font-family ), Sans-serif; font-size: var( --e-global-typography-text-font-size ); font-weight: var( --e-global-typography-text-font-weight );\">ohne jedoch auf\u00a0<\/span><span style=\"color: var( --e-global-color-text ); background-color: var( --e-global-color-89538b6 ); font-family: var( --e-global-typography-text-font-family ), Sans-serif; font-size: var( --e-global-typography-text-font-size ); font-weight: var( --e-global-typography-text-font-weight );\">die Serviceleistungen und die Lebendigkeit des Stadtzentrums verzichten zu m\u00fcssen.<\/span><\/p><p style=\"text-align: center;\"><span style=\"color: var( --e-global-color-text ); background-color: var( --e-global-color-89538b6 ); font-family: var( --e-global-typography-text-font-family ), Sans-serif; font-size: var( --e-global-typography-text-font-size ); font-weight: var( --e-global-typography-text-font-weight );\">\u00a0<\/span><\/p><p style=\"text-align: center;\">Mit wenigen Worten:<br \/><strong>Regina Urban Beach Hotel!<\/strong><\/p><h6 style=\"text-align: center;\">\u00a0<\/h6><h5 style=\"text-align: center;\"><em><strong>Der Zimmer-Check-in, inklusive Strandplatz und Parkplatz, ist ab 14:00 Uhr am Anreisetag bis 10:00 Uhr am Abreisetag m\u00f6glich.<\/strong><\/em><\/h5><\/div><\/div><\/div><\/div>\t\t\t\t\t\t\t\t<\/div>\n\t\t\t\t<\/div>\n\t\t\t\t<div class=\"elementor-element elementor-element-ca7c292 elementor-widget elementor-widget-spacer\" data-id=\"ca7c292\" data-element_type=\"widget\" data-e-type=\"widget\" data-widget_type=\"spacer.default\">\n\t\t\t\t<div class=\"elementor-widget-container\">\n\t\t\t\t\t\t\t<div class=\"elementor-spacer\">\n\t\t\t<div class=\"elementor-spacer-inner\"><\/div>\n\t\t<\/div>\n\t\t\t\t\t\t<\/div>\n\t\t\t\t<\/div>\n\t\t\t\t\t<\/div>\n\t\t<\/div>\n\t\t\t\t\t<\/div>\n\t\t<\/section>\n\t\t\t\t<section class=\"elementor-section elementor-top-section elementor-element elementor-element-89e0df4 elementor-section-full_width elementor-section-content-middle elementor-section-height-default elementor-section-height-default\" data-id=\"89e0df4\" data-element_type=\"section\" data-e-type=\"section\" data-settings=\"{&quot;background_background&quot;:&quot;classic&quot;}\">\n\t\t\t\t\t\t<div class=\"elementor-container elementor-column-gap-default\">\n\t\t\t\t\t<div class=\"elementor-column elementor-col-50 elementor-top-column elementor-element elementor-element-a09149d\" data-id=\"a09149d\" data-element_type=\"column\" data-e-type=\"column\">\n\t\t\t<div class=\"elementor-widget-wrap elementor-element-populated\">\n\t\t\t\t\t\t<div class=\"elementor-element elementor-element-3a68c43 elementor-widget elementor-widget-image\" data-id=\"3a68c43\" data-element_type=\"widget\" data-e-type=\"widget\" data-widget_type=\"image.default\">\n\t\t\t\t<div class=\"elementor-widget-container\">\n\t\t\t\t\t\t\t\t\t\t\t\t\t\t\t<img fetchpriority=\"high\" decoding=\"async\" width=\"1920\" height=\"1145\" src=\"https:\/\/www.hotelreginajesolo.it\/wp-content\/uploads\/2022\/10\/Hotel-Regina-008.jpg\" class=\"attachment-full size-full wp-image-1509\" alt=\"\" srcset=\"https:\/\/www.hotelreginajesolo.it\/wp-content\/uploads\/2022\/10\/Hotel-Regina-008.jpg 1920w, https:\/\/www.hotelreginajesolo.it\/wp-content\/uploads\/2022\/10\/Hotel-Regina-008-300x179.jpg 300w, https:\/\/www.hotelreginajesolo.it\/wp-content\/uploads\/2022\/10\/Hotel-Regina-008-1024x611.jpg 1024w, https:\/\/www.hotelreginajesolo.it\/wp-content\/uploads\/2022\/10\/Hotel-Regina-008-768x458.jpg 768w, https:\/\/www.hotelreginajesolo.it\/wp-content\/uploads\/2022\/10\/Hotel-Regina-008-1536x916.jpg 1536w\" sizes=\"(max-width: 1920px) 100vw, 1920px\" \/>\t\t\t\t\t\t\t\t\t\t\t\t\t\t\t<\/div>\n\t\t\t\t<\/div>\n\t\t\t\t\t<\/div>\n\t\t<\/div>\n\t\t\t\t<div class=\"elementor-column elementor-col-50 elementor-top-column elementor-element elementor-element-57179f1\" data-id=\"57179f1\" data-element_type=\"column\" data-e-type=\"column\">\n\t\t\t<div class=\"elementor-widget-wrap elementor-element-populated\">\n\t\t\t\t\t\t<div class=\"elementor-element elementor-element-7cb684c elementor-view-default elementor-widget elementor-widget-icon\" data-id=\"7cb684c\" data-element_type=\"widget\" data-e-type=\"widget\" data-widget_type=\"icon.default\">\n\t\t\t\t<div class=\"elementor-widget-container\">\n\t\t\t\t\t\t\t<div class=\"elementor-icon-wrapper\">\n\t\t\t<div class=\"elementor-icon\">\n\t\t\t<svg xmlns=\"http:\/\/www.w3.org\/2000\/svg\" id=\"Livello_2\" viewBox=\"0 0 497.45 497.28\"><g id=\"Livello_1-2\"><g><path d=\"M436.07,347.64l-83.72-23.8v-43.29c5.15-10.14,8.68-21.17,9.86-33.15,14.62-4.09,26.04-17.14,30.41-35.56,3.98-16.97,.28-32.54-9.24-41.05V51.85c0-5.38-3.81-51.85-134.68-51.85C129.98,0,115.48,44.24,114.3,49.34c-.28,.79-.39,1.57-.39,2.52v118.89c-9.46,8.57-13.16,24.08-9.24,41.05,4.37,18.43,15.79,31.47,30.41,35.56,1.18,11.98,4.76,23.02,9.86,33.15v43.29l-84.5,24.08C24.36,361.48,0,396.48,0,435.18v51.86c0,5.66,4.76,10.25,10.41,10.25H487.03c5.77,0,10.41-4.59,10.41-10.25v-51.86c-.05-38.7-24.41-73.7-61.38-87.53h0Zm-177.02,35.39v-31.98c20.78-3.98,50.29-18.54,72.52-41.72v22.23c0,13.72-13.44,47.77-72.52,51.46h0ZM134.79,120.85c13.55-5.15,51.74-17.25,114.02-17.25s100.3,12.1,113.85,17.25v19.49c-19.21-6.44-57.23-15.9-113.85-15.9s-94.75,9.46-114.02,15.9v-19.49Zm103.54,262.19c-59.08-3.7-72.52-37.75-72.52-51.46v-22.23c22.23,23.18,51.74,37.8,72.52,41.72v31.98Zm-82.88-144.65c0-5.77-4.59-10.41-10.41-10.41-11.2,0-17.75-11.31-20.16-20.95-2.24-9.86-.5-19.38,4.09-21.62,3.53-1.85,5.77-5.38,5.77-9.35v-13.83c13.55-5.15,51.74-17.25,114.02-17.25s100.3,12.1,113.85,17.25v13.83c0,3.98,2.24,7.5,5.77,9.35,4.59,2.24,6.33,11.7,4.09,21.62-2.35,9.63-8.96,20.95-20.16,20.95-5.77,0-10.41,4.59-10.41,10.41,0,53.82-65.41,93.18-93.18,93.18s-93.25-39.37-93.25-93.18h0Z\"><\/path><path d=\"M186.58,206.69c5.27,0,9.69-4.43,10.3-9.63,1.96-.22,5.21-.22,7.5-.17h5.71c2.35-.05,5.6-.05,7.5,.17,.11,5.66,4.7,10.19,10.36,10.19s10.36-4.65,10.36-10.36c0-6.16-1.85-11.15-5.49-14.79-6.11-6.11-14.67-6.05-22.9-5.94h-5.38c-8.23-.11-16.8-.11-22.9,5.94-3.64,3.64-5.49,8.57-5.49,14.79,0,5.77,4.65,9.8,10.41,9.8h0Z\"><\/path><path d=\"M269.47,206.69c5.27,0,9.69-4.43,10.3-9.63,1.96-.22,5.27-.22,7.5-.17h5.71c2.35-.05,5.54-.05,7.5,.17,.11,5.66,4.7,10.19,10.36,10.19s10.36-4.65,10.36-10.36c0-6.16-1.85-11.15-5.49-14.79-6.16-6.11-14.73-6.05-22.9-5.94h-5.38c-8.23-.11-16.8-.11-22.9,5.94-3.64,3.64-5.49,8.57-5.49,14.79,0,5.77,4.7,9.8,10.41,9.8h0Z\"><\/path><\/g><\/g><\/svg>\t\t\t<\/div>\n\t\t<\/div>\n\t\t\t\t\t\t<\/div>\n\t\t\t\t<\/div>\n\t\t\t\t<div class=\"elementor-element elementor-element-01b9731 elementor-widget elementor-widget-heading\" data-id=\"01b9731\" data-element_type=\"widget\" data-e-type=\"widget\" data-widget_type=\"heading.default\">\n\t\t\t\t<div class=\"elementor-widget-container\">\n\t\t\t\t\t<h2 class=\"elementor-heading-title elementor-size-default\">Die serviceleistungen entdecken<\/h2>\t\t\t\t<\/div>\n\t\t\t\t<\/div>\n\t\t\t\t<div class=\"elementor-element elementor-element-1f1154a elementor-align-left elementor-widget elementor-widget-button\" data-id=\"1f1154a\" data-element_type=\"widget\" data-e-type=\"widget\" data-widget_type=\"button.default\">\n\t\t\t\t<div class=\"elementor-widget-container\">\n\t\t\t\t\t\t\t\t\t<div class=\"elementor-button-wrapper\">\n\t\t\t\t\t<a class=\"elementor-button elementor-button-link elementor-size-sm\" href=\"https:\/\/www.hotelreginajesolo.it\/de\/serviceleistungen\/\">\n\t\t\t\t\t\t<span class=\"elementor-button-content-wrapper\">\n\t\t\t\t\t\t\t\t\t<span class=\"elementor-button-text\">SERVICELEISTUNGEN<\/span>\n\t\t\t\t\t<\/span>\n\t\t\t\t\t<\/a>\n\t\t\t\t<\/div>\n\t\t\t\t\t\t\t\t<\/div>\n\t\t\t\t<\/div>\n\t\t\t\t\t<\/div>\n\t\t<\/div>\n\t\t\t\t\t<\/div>\n\t\t<\/section>\n\t\t\t\t<section class=\"elementor-section elementor-top-section elementor-element elementor-element-522714d elementor-section-full_width elementor-section-height-default elementor-section-height-default\" data-id=\"522714d\" data-element_type=\"section\" data-e-type=\"section\">\n\t\t\t\t\t\t<div class=\"elementor-container elementor-column-gap-no\">\n\t\t\t\t\t<div class=\"elementor-column elementor-col-100 elementor-top-column elementor-element elementor-element-bd1bbca\" data-id=\"bd1bbca\" data-element_type=\"column\" data-e-type=\"column\">\n\t\t\t<div class=\"elementor-widget-wrap elementor-element-populated\">\n\t\t\t\t\t\t<div class=\"elementor-element elementor-element-20b4fe3 elementor-widget elementor-widget-google_maps\" data-id=\"20b4fe3\" data-element_type=\"widget\" data-e-type=\"widget\" data-widget_type=\"google_maps.default\">\n\t\t\t\t<div class=\"elementor-widget-container\">\n\t\t\t\t\t\t\t<div class=\"elementor-custom-embed\">\n\t\t\t<iframe loading=\"lazy\"\n\t\t\t\t\tsrc=\"https:\/\/maps.google.com\/maps?q=Hotel%20Regina%20Jesolo&#038;t=m&#038;z=15&#038;output=embed&#038;iwloc=near\"\n\t\t\t\t\ttitle=\"Hotel Regina Jesolo\"\n\t\t\t\t\taria-label=\"Hotel Regina Jesolo\"\n\t\t\t><\/iframe>\n\t\t<\/div>\n\t\t\t\t\t\t<\/div>\n\t\t\t\t<\/div>\n\t\t\t\t\t<\/div>\n\t\t<\/div>\n\t\t\t\t\t<\/div>\n\t\t<\/section>\n\t\t\t\t<\/div>\n\t\t","protected":false},"excerpt":{"rendered":"<p>Precedente Successivo Hotel Regina Das Hotel Regina liegt im Herzen des Lido von Jesolo, mit Blick auf die pulsierende Via Bafile,\u00a0eine Stra\u00dfe mit Lokalen jeglicher Art: Restaurants, Bars und Gesch\u00e4fte f\u00fcr jeden Bedarf.\u00a0Darunter auch die Terrazza Regina, eine l\u00e4ssige Cocktail Bar mit direktem Zugang\u00a0vom Hotel aus,\u00a0wo man entspannen und hervorragende Drinks und Snacks genie\u00dfen kann. [&hellip;]<\/p>\n","protected":false},"author":1,"featured_media":0,"parent":0,"menu_order":0,"comment_status":"closed","ping_status":"closed","template":"elementor_header_footer","meta":{"footnotes":""},"class_list":["post-1358","page","type-page","status-publish","hentry"],"_links":{"self":[{"href":"https:\/\/www.hotelreginajesolo.it\/de\/wp-json\/wp\/v2\/pages\/1358","targetHints":{"allow":["GET"]}}],"collection":[{"href":"https:\/\/www.hotelreginajesolo.it\/de\/wp-json\/wp\/v2\/pages"}],"about":[{"href":"https:\/\/www.hotelreginajesolo.it\/de\/wp-json\/wp\/v2\/types\/page"}],"author":[{"embeddable":true,"href":"https:\/\/www.hotelreginajesolo.it\/de\/wp-json\/wp\/v2\/users\/1"}],"replies":[{"embeddable":true,"href":"https:\/\/www.hotelreginajesolo.it\/de\/wp-json\/wp\/v2\/comments?post=1358"}],"version-history":[{"count":62,"href":"https:\/\/www.hotelreginajesolo.it\/de\/wp-json\/wp\/v2\/pages\/1358\/revisions"}],"predecessor-version":[{"id":6388,"href":"https:\/\/www.hotelreginajesolo.it\/de\/wp-json\/wp\/v2\/pages\/1358\/revisions\/6388"}],"wp:attachment":[{"href":"https:\/\/www.hotelreginajesolo.it\/de\/wp-json\/wp\/v2\/media?parent=1358"}],"curies":[{"name":"wp","href":"https:\/\/api.w.org\/{rel}","templated":true}]}}