{"id":1366,"date":"2022-02-15T18:01:22","date_gmt":"2022-02-15T17:01:22","guid":{"rendered":"https:\/\/www.hotelreginajesolo.it\/news-offerte\/"},"modified":"2022-12-27T10:07:54","modified_gmt":"2022-12-27T09:07:54","slug":"news-offerte","status":"publish","type":"page","link":"https:\/\/www.hotelreginajesolo.it\/de\/news-offerte\/","title":{"rendered":"News &amp; Offerte"},"content":{"rendered":"\t\t<div data-elementor-type=\"wp-page\" data-elementor-id=\"1366\" class=\"elementor elementor-1366 elementor-315\" data-elementor-post-type=\"page\">\n\t\t\t\t\t\t<section class=\"elementor-section elementor-top-section elementor-element elementor-element-fa3a10b elementor-section-boxed elementor-section-height-default elementor-section-height-default\" data-id=\"fa3a10b\" data-element_type=\"section\" data-e-type=\"section\">\n\t\t\t\t\t\t<div class=\"elementor-container elementor-column-gap-default\">\n\t\t\t\t\t<div class=\"elementor-column elementor-col-100 elementor-top-column elementor-element elementor-element-5e1af41\" data-id=\"5e1af41\" data-element_type=\"column\" data-e-type=\"column\">\n\t\t\t<div class=\"elementor-widget-wrap elementor-element-populated\">\n\t\t\t\t\t\t<div class=\"elementor-element elementor-element-c2b012c elementor-widget elementor-widget-spacer\" data-id=\"c2b012c\" data-element_type=\"widget\" data-e-type=\"widget\" data-widget_type=\"spacer.default\">\n\t\t\t\t<div class=\"elementor-widget-container\">\n\t\t\t\t\t\t\t<div class=\"elementor-spacer\">\n\t\t\t<div class=\"elementor-spacer-inner\"><\/div>\n\t\t<\/div>\n\t\t\t\t\t\t<\/div>\n\t\t\t\t<\/div>\n\t\t\t\t<div class=\"elementor-element elementor-element-cf80234 elementor-view-default elementor-widget elementor-widget-icon\" data-id=\"cf80234\" data-element_type=\"widget\" data-e-type=\"widget\" data-widget_type=\"icon.default\">\n\t\t\t\t<div class=\"elementor-widget-container\">\n\t\t\t\t\t\t\t<div class=\"elementor-icon-wrapper\">\n\t\t\t<div class=\"elementor-icon\">\n\t\t\t\t\t\t<\/div>\n\t\t<\/div>\n\t\t\t\t\t\t<\/div>\n\t\t\t\t<\/div>\n\t\t\t\t<div class=\"elementor-element elementor-element-4a71194 elementor-widget elementor-widget-heading\" data-id=\"4a71194\" data-element_type=\"widget\" data-e-type=\"widget\" data-widget_type=\"heading.default\">\n\t\t\t\t<div class=\"elementor-widget-container\">\n\t\t\t\t\t<h1 class=\"elementor-heading-title elementor-size-default\">News &amp; Offerte<\/h1>\t\t\t\t<\/div>\n\t\t\t\t<\/div>\n\t\t\t\t<div class=\"elementor-element elementor-element-afa1b1e elementor-widget elementor-widget-spacer\" data-id=\"afa1b1e\" data-element_type=\"widget\" data-e-type=\"widget\" data-widget_type=\"spacer.default\">\n\t\t\t\t<div class=\"elementor-widget-container\">\n\t\t\t\t\t\t\t<div class=\"elementor-spacer\">\n\t\t\t<div class=\"elementor-spacer-inner\"><\/div>\n\t\t<\/div>\n\t\t\t\t\t\t<\/div>\n\t\t\t\t<\/div>\n\t\t\t\t\t<\/div>\n\t\t<\/div>\n\t\t\t\t\t<\/div>\n\t\t<\/section>\n\t\t\t\t<section class=\"elementor-section elementor-top-section elementor-element elementor-element-54231b5 elementor-section-boxed elementor-section-height-default elementor-section-height-default\" data-id=\"54231b5\" data-element_type=\"section\" data-e-type=\"section\">\n\t\t\t\t\t\t<div class=\"elementor-container elementor-column-gap-default\">\n\t\t\t\t\t<div class=\"elementor-column elementor-col-100 elementor-top-column elementor-element elementor-element-d60a803\" data-id=\"d60a803\" data-element_type=\"column\" data-e-type=\"column\">\n\t\t\t<div class=\"elementor-widget-wrap elementor-element-populated\">\n\t\t\t\t\t\t<div class=\"elementor-element elementor-element-4b79927 elementor-grid-1 elementor-posts--align-center elementor-grid-tablet-1 elementor-grid-mobile-1 elementor-posts--thumbnail-top elementor-widget elementor-widget-posts\" data-id=\"4b79927\" data-element_type=\"widget\" data-e-type=\"widget\" data-settings=\"{&quot;classic_columns&quot;:&quot;1&quot;,&quot;classic_columns_tablet&quot;:&quot;1&quot;,&quot;classic_columns_mobile&quot;:&quot;1&quot;,&quot;classic_row_gap&quot;:{&quot;unit&quot;:&quot;px&quot;,&quot;size&quot;:35,&quot;sizes&quot;:[]},&quot;classic_row_gap_tablet&quot;:{&quot;unit&quot;:&quot;px&quot;,&quot;size&quot;:&quot;&quot;,&quot;sizes&quot;:[]},&quot;classic_row_gap_mobile&quot;:{&quot;unit&quot;:&quot;px&quot;,&quot;size&quot;:&quot;&quot;,&quot;sizes&quot;:[]}}\" data-widget_type=\"posts.classic\">\n\t\t\t\t<div class=\"elementor-widget-container\">\n\t\t\t\t\t\t\t<div class=\"elementor-posts-container elementor-posts elementor-posts--skin-classic elementor-grid\" role=\"list\">\n\t\t\t\t<article class=\"elementor-post elementor-grid-item post-2418 post type-post status-publish format-standard has-post-thumbnail hentry category-unkategorisiert\" role=\"listitem\">\n\t\t\t\t<a class=\"elementor-post__thumbnail__link\" href=\"https:\/\/www.hotelreginajesolo.it\/de\/2025\/11\/24\/mindestaufenthalt-von-5-naechten\/\" tabindex=\"-1\" >\n\t\t\t<div class=\"elementor-post__thumbnail\"><img fetchpriority=\"high\" decoding=\"async\" width=\"2000\" height=\"1400\" src=\"https:\/\/www.hotelreginajesolo.it\/wp-content\/uploads\/2027\/11\/ONE-WEEK-IS-BETTER.png\" class=\"attachment-full size-full wp-image-6568\" alt=\"\" srcset=\"https:\/\/www.hotelreginajesolo.it\/wp-content\/uploads\/2027\/11\/ONE-WEEK-IS-BETTER.png 2000w, https:\/\/www.hotelreginajesolo.it\/wp-content\/uploads\/2027\/11\/ONE-WEEK-IS-BETTER-300x210.png 300w, https:\/\/www.hotelreginajesolo.it\/wp-content\/uploads\/2027\/11\/ONE-WEEK-IS-BETTER-1024x717.png 1024w, https:\/\/www.hotelreginajesolo.it\/wp-content\/uploads\/2027\/11\/ONE-WEEK-IS-BETTER-768x538.png 768w, https:\/\/www.hotelreginajesolo.it\/wp-content\/uploads\/2027\/11\/ONE-WEEK-IS-BETTER-1536x1075.png 1536w\" sizes=\"(max-width: 2000px) 100vw, 2000px\" \/><\/div>\n\t\t<\/a>\n\t\t\t\t<div class=\"elementor-post__text\">\n\t\t\t\t<h3 class=\"elementor-post__title\">\n\t\t\t<a href=\"https:\/\/www.hotelreginajesolo.it\/de\/2025\/11\/24\/mindestaufenthalt-von-5-naechten\/\" >\n\t\t\t\tMINDESTAUFENTHALT VON 7 N\u00c4CHTEN\t\t\t<\/a>\n\t\t<\/h3>\n\t\t\t\t<div class=\"elementor-post__excerpt\">\n\t\t\t<p>20% Rabatt bei Buchung eines Aufenthaltes ab 7 N\u00e4chten. Das Angebot gilt f\u00fcr den Standardtarif und ist nur f\u00fcr bestimmte Zeitr\u00e4ume g\u00fcltig. Nicht kombinierbar mit<\/p>\n\t\t<\/div>\n\t\t\n\t\t<a class=\"elementor-post__read-more\" href=\"https:\/\/www.hotelreginajesolo.it\/de\/2025\/11\/24\/mindestaufenthalt-von-5-naechten\/\" aria-label=\"Mehr \u00fcber MINDESTAUFENTHALT VON 7 N\u00c4CHTEN\" tabindex=\"-1\" >\n\t\t\tWeiterlesen \u00bb\t\t<\/a>\n\n\t\t\t\t<\/div>\n\t\t\t\t<\/article>\n\t\t\t\t<article class=\"elementor-post elementor-grid-item post-3404 post type-post status-publish format-standard has-post-thumbnail hentry category-unkategorisiert\" role=\"listitem\">\n\t\t\t\t<a class=\"elementor-post__thumbnail__link\" href=\"https:\/\/www.hotelreginajesolo.it\/de\/2025\/11\/12\/prepaid-nicht-erstattungsfaehig-2\/\" tabindex=\"-1\" >\n\t\t\t<div class=\"elementor-post__thumbnail\"><img decoding=\"async\" width=\"940\" height=\"625\" src=\"https:\/\/www.hotelreginajesolo.it\/wp-content\/uploads\/2024\/11\/Goo.jpg\" class=\"attachment-full size-full wp-image-5668\" alt=\"\" srcset=\"https:\/\/www.hotelreginajesolo.it\/wp-content\/uploads\/2024\/11\/Goo.jpg 940w, https:\/\/www.hotelreginajesolo.it\/wp-content\/uploads\/2024\/11\/Goo-300x199.jpg 300w, https:\/\/www.hotelreginajesolo.it\/wp-content\/uploads\/2024\/11\/Goo-768x511.jpg 768w\" sizes=\"(max-width: 940px) 100vw, 940px\" \/><\/div>\n\t\t<\/a>\n\t\t\t\t<div class=\"elementor-post__text\">\n\t\t\t\t<h3 class=\"elementor-post__title\">\n\t\t\t<a href=\"https:\/\/www.hotelreginajesolo.it\/de\/2025\/11\/12\/prepaid-nicht-erstattungsfaehig-2\/\" >\n\t\t\t\tPREPAID\/NICHT ERSTATTUNGSF\u00c4HIG (RELAX)\t\t\t<\/a>\n\t\t<\/h3>\n\t\t\t\t<div class=\"elementor-post__excerpt\">\n\t\t\t<p>15% Rabatt f\u00fcr Buchungen mit Vorauszahlung des vollen Betrags des Aufenthalts und nicht erstattungsf\u00e4hig. Nicht kombinierbar mit anderen aktuellen Aktionen.<\/p>\n\t\t<\/div>\n\t\t\n\t\t<a class=\"elementor-post__read-more\" href=\"https:\/\/www.hotelreginajesolo.it\/de\/2025\/11\/12\/prepaid-nicht-erstattungsfaehig-2\/\" aria-label=\"Mehr \u00fcber PREPAID\/NICHT ERSTATTUNGSF\u00c4HIG (RELAX)\" tabindex=\"-1\" >\n\t\t\tWeiterlesen \u00bb\t\t<\/a>\n\n\t\t\t\t<\/div>\n\t\t\t\t<\/article>\n\t\t\t\t<article class=\"elementor-post elementor-grid-item post-3371 post type-post status-publish format-standard has-post-thumbnail hentry category-unkategorisiert\" role=\"listitem\">\n\t\t\t\t<a class=\"elementor-post__thumbnail__link\" href=\"https:\/\/www.hotelreginajesolo.it\/de\/2025\/11\/12\/fruehbucherangebot-2\/\" tabindex=\"-1\" >\n\t\t\t<div class=\"elementor-post__thumbnail\"><img decoding=\"async\" width=\"2560\" height=\"1707\" src=\"https:\/\/www.hotelreginajesolo.it\/wp-content\/uploads\/2023\/10\/EARLY-BOOKING-scaled.jpeg\" class=\"attachment-full size-full wp-image-3345\" alt=\"\" srcset=\"https:\/\/www.hotelreginajesolo.it\/wp-content\/uploads\/2023\/10\/EARLY-BOOKING-scaled.jpeg 2560w, https:\/\/www.hotelreginajesolo.it\/wp-content\/uploads\/2023\/10\/EARLY-BOOKING-300x200.jpeg 300w, https:\/\/www.hotelreginajesolo.it\/wp-content\/uploads\/2023\/10\/EARLY-BOOKING-1024x683.jpeg 1024w, https:\/\/www.hotelreginajesolo.it\/wp-content\/uploads\/2023\/10\/EARLY-BOOKING-768x512.jpeg 768w, https:\/\/www.hotelreginajesolo.it\/wp-content\/uploads\/2023\/10\/EARLY-BOOKING-1536x1024.jpeg 1536w, https:\/\/www.hotelreginajesolo.it\/wp-content\/uploads\/2023\/10\/EARLY-BOOKING-2048x1366.jpeg 2048w\" sizes=\"(max-width: 2560px) 100vw, 2560px\" \/><\/div>\n\t\t<\/a>\n\t\t\t\t<div class=\"elementor-post__text\">\n\t\t\t\t<h3 class=\"elementor-post__title\">\n\t\t\t<a href=\"https:\/\/www.hotelreginajesolo.it\/de\/2025\/11\/12\/fruehbucherangebot-2\/\" >\n\t\t\t\tFR\u00dcHBUCHERANGEBOT\t\t\t<\/a>\n\t\t<\/h3>\n\t\t\t\t<div class=\"elementor-post__excerpt\">\n\t\t\t<p>10% Rabatt, wenn Sie Ihren Aufenthalt mindestens 15 Tage vor dem voraussichtlichen Ankunftsdatum buchen. Das Angebot gilt f\u00fcr den Standardpreis und kann nicht mit anderen<\/p>\n\t\t<\/div>\n\t\t\n\t\t<a class=\"elementor-post__read-more\" href=\"https:\/\/www.hotelreginajesolo.it\/de\/2025\/11\/12\/fruehbucherangebot-2\/\" aria-label=\"Mehr \u00fcber FR\u00dcHBUCHERANGEBOT\" tabindex=\"-1\" >\n\t\t\tWeiterlesen \u00bb\t\t<\/a>\n\n\t\t\t\t<\/div>\n\t\t\t\t<\/article>\n\t\t\t\t<article class=\"elementor-post elementor-grid-item post-5285 post type-post status-publish format-standard has-post-thumbnail hentry category-unkategorisiert\" role=\"listitem\">\n\t\t\t\t<a class=\"elementor-post__thumbnail__link\" href=\"https:\/\/www.hotelreginajesolo.it\/de\/2022\/12\/25\/work-in-progess\/\" tabindex=\"-1\" >\n\t\t\t<div class=\"elementor-post__thumbnail\"><img loading=\"lazy\" decoding=\"async\" width=\"2000\" height=\"1415\" src=\"https:\/\/www.hotelreginajesolo.it\/wp-content\/uploads\/2024\/12\/beach-bag-4.png\" class=\"attachment-full size-full wp-image-5290\" alt=\"\" srcset=\"https:\/\/www.hotelreginajesolo.it\/wp-content\/uploads\/2024\/12\/beach-bag-4.png 2000w, https:\/\/www.hotelreginajesolo.it\/wp-content\/uploads\/2024\/12\/beach-bag-4-300x212.png 300w, https:\/\/www.hotelreginajesolo.it\/wp-content\/uploads\/2024\/12\/beach-bag-4-1024x724.png 1024w, https:\/\/www.hotelreginajesolo.it\/wp-content\/uploads\/2024\/12\/beach-bag-4-768x543.png 768w, https:\/\/www.hotelreginajesolo.it\/wp-content\/uploads\/2024\/12\/beach-bag-4-1536x1087.png 1536w\" sizes=\"(max-width: 2000px) 100vw, 2000px\" \/><\/div>\n\t\t<\/a>\n\t\t\t\t<div class=\"elementor-post__text\">\n\t\t\t\t<h3 class=\"elementor-post__title\">\n\t\t\t<a href=\"https:\/\/www.hotelreginajesolo.it\/de\/2022\/12\/25\/work-in-progess\/\" >\n\t\t\t\tMore and more&#8230;\t\t\t<\/a>\n\t\t<\/h3>\n\t\t\t\t<div class=\"elementor-post__excerpt\">\n\t\t\t<p>More and more&#8230;Technoligical! More and more&#8230;Sustainable! More and more&#8230;for the Well-being of the Person! \u00a0 More and more&#8230;Regina Urban Beach Hotel!<\/p>\n\t\t<\/div>\n\t\t\n\t\t<a class=\"elementor-post__read-more\" href=\"https:\/\/www.hotelreginajesolo.it\/de\/2022\/12\/25\/work-in-progess\/\" aria-label=\"Mehr \u00fcber More and more&#8230;\" tabindex=\"-1\" >\n\t\t\tWeiterlesen \u00bb\t\t<\/a>\n\n\t\t\t\t<\/div>\n\t\t\t\t<\/article>\n\t\t\t\t<\/div>\n\t\t\n\t\t\t\t\t\t<\/div>\n\t\t\t\t<\/div>\n\t\t\t\t\t<\/div>\n\t\t<\/div>\n\t\t\t\t\t<\/div>\n\t\t<\/section>\n\t\t\t\t<\/div>\n\t\t","protected":false},"excerpt":{"rendered":"<p>News &amp; Offerte<\/p>\n","protected":false},"author":1,"featured_media":0,"parent":0,"menu_order":0,"comment_status":"closed","ping_status":"closed","template":"","meta":{"footnotes":""},"class_list":["post-1366","page","type-page","status-publish","hentry"],"_links":{"self":[{"href":"https:\/\/www.hotelreginajesolo.it\/de\/wp-json\/wp\/v2\/pages\/1366","targetHints":{"allow":["GET"]}}],"collection":[{"href":"https:\/\/www.hotelreginajesolo.it\/de\/wp-json\/wp\/v2\/pages"}],"about":[{"href":"https:\/\/www.hotelreginajesolo.it\/de\/wp-json\/wp\/v2\/types\/page"}],"author":[{"embeddable":true,"href":"https:\/\/www.hotelreginajesolo.it\/de\/wp-json\/wp\/v2\/users\/1"}],"replies":[{"embeddable":true,"href":"https:\/\/www.hotelreginajesolo.it\/de\/wp-json\/wp\/v2\/comments?post=1366"}],"version-history":[{"count":6,"href":"https:\/\/www.hotelreginajesolo.it\/de\/wp-json\/wp\/v2\/pages\/1366\/revisions"}],"predecessor-version":[{"id":1968,"href":"https:\/\/www.hotelreginajesolo.it\/de\/wp-json\/wp\/v2\/pages\/1366\/revisions\/1968"}],"wp:attachment":[{"href":"https:\/\/www.hotelreginajesolo.it\/de\/wp-json\/wp\/v2\/media?parent=1366"}],"curies":[{"name":"wp","href":"https:\/\/api.w.org\/{rel}","templated":true}]}}