{"id":1372,"date":"2022-02-16T07:18:20","date_gmt":"2022-02-16T06:18:20","guid":{"rendered":"https:\/\/www.hotelreginajesolo.it\/terrazza-regina\/"},"modified":"2024-06-27T09:07:16","modified_gmt":"2024-06-27T08:07:16","slug":"terrazza-regina","status":"publish","type":"page","link":"https:\/\/www.hotelreginajesolo.it\/de\/terrazza-regina\/","title":{"rendered":"Terrazza Regina"},"content":{"rendered":"\t\t<div data-elementor-type=\"wp-page\" data-elementor-id=\"1372\" class=\"elementor elementor-1372 elementor-339\">\n\t\t\t\t\t\t\t\t\t<section class=\"elementor-section elementor-top-section elementor-element elementor-element-6177a81 elementor-section-boxed elementor-section-height-default elementor-section-height-default\" data-id=\"6177a81\" data-element_type=\"section\">\n\t\t\t\t\t\t<div class=\"elementor-container elementor-column-gap-default\">\n\t\t\t\t\t<div class=\"elementor-column elementor-col-100 elementor-top-column elementor-element elementor-element-8e1fc2a\" data-id=\"8e1fc2a\" data-element_type=\"column\">\n\t\t\t<div class=\"elementor-widget-wrap elementor-element-populated\">\n\t\t\t\t\t\t\t\t<div class=\"elementor-element elementor-element-5dee303 elementor-widget elementor-widget-spacer\" data-id=\"5dee303\" data-element_type=\"widget\" data-widget_type=\"spacer.default\">\n\t\t\t\t<div class=\"elementor-widget-container\">\n\t\t\t<style>\/*! elementor - v3.8.0 - 30-10-2022 *\/\n.elementor-column .elementor-spacer-inner{height:var(--spacer-size)}.e-con{--container-widget-width:100%}.e-con-inner>.elementor-widget-spacer,.e-con>.elementor-widget-spacer{width:var(--container-widget-width,var(--spacer-size));-ms-flex-item-align:stretch;align-self:stretch;-ms-flex-negative:0;flex-shrink:0}.e-con-inner>.elementor-widget-spacer>.elementor-widget-container,.e-con-inner>.elementor-widget-spacer>.elementor-widget-container>.elementor-spacer,.e-con>.elementor-widget-spacer>.elementor-widget-container,.e-con>.elementor-widget-spacer>.elementor-widget-container>.elementor-spacer{height:100%}.e-con-inner>.elementor-widget-spacer>.elementor-widget-container>.elementor-spacer>.elementor-spacer-inner,.e-con>.elementor-widget-spacer>.elementor-widget-container>.elementor-spacer>.elementor-spacer-inner{height:var(--container-widget-height,var(--spacer-size))}<\/style>\t\t<div class=\"elementor-spacer\">\n\t\t\t<div class=\"elementor-spacer-inner\"><\/div>\n\t\t<\/div>\n\t\t\t\t<\/div>\n\t\t\t\t<\/div>\n\t\t\t\t\t<\/div>\n\t\t<\/div>\n\t\t\t\t\t\t\t<\/div>\n\t\t<\/section>\n\t\t\t\t<section class=\"elementor-section elementor-top-section elementor-element elementor-element-9d81831 elementor-section-full_width elementor-section-height-default elementor-section-height-default\" data-id=\"9d81831\" data-element_type=\"section\">\n\t\t\t\t\t\t<div class=\"elementor-container elementor-column-gap-wider\">\n\t\t\t\t\t<div class=\"elementor-column elementor-col-50 elementor-top-column elementor-element elementor-element-5b2b5d9\" data-id=\"5b2b5d9\" data-element_type=\"column\">\n\t\t\t<div class=\"elementor-widget-wrap elementor-element-populated\">\n\t\t\t\t\t\t\t\t<div class=\"elementor-element elementor-element-f0ca49d elementor-view-default elementor-widget elementor-widget-icon\" data-id=\"f0ca49d\" data-element_type=\"widget\" data-widget_type=\"icon.default\">\n\t\t\t\t<div class=\"elementor-widget-container\">\n\t\t\t\t\t<div class=\"elementor-icon-wrapper\">\n\t\t\t<div class=\"elementor-icon\">\n\t\t\t<svg xmlns=\"http:\/\/www.w3.org\/2000\/svg\" id=\"Livello_2\" viewBox=\"0 0 445.63 508.05\"><g id=\"Livello_1-2\"><g><path d=\"M159.48,153.78c4.49-2.21,7.94-6.08,9.61-10.8,1.67-4.71,1.43-9.9-.67-14.44-2.22-4.55-6.16-8.03-10.96-9.68-4.79-1.64-10.04-1.31-14.59,.93l-1.14,.7c-4.21,2.48-7.31,6.49-8.65,11.19-1.34,4.7-.83,9.73,1.43,14.07,2.26,4.33,6.1,7.63,10.72,9.22l-.18-.18c4.76,1.56,9.93,1.2,14.42-1.01Z\"><\/path><path d=\"M107.17,78.76h20.3L90.11,14.7c-2.52-3.96-7.7-5.23-11.76-2.88-4.06,2.35-5.55,7.48-3.38,11.63l32.2,55.3Z\"><\/path><path d=\"M420.61,26.08l.17-.09C405.27,10.18,384.3,.91,362.17,.06c-22.13-.84-43.74,6.81-60.41,21.39-16.66,14.58-27.12,34.99-29.22,57.03H127.65l13.21,22.66c11.82-3.55,24.62-1.06,34.24,6.67,9.62,7.73,14.81,19.7,13.89,32-.93,12.3-7.86,23.36-18.52,29.56-10.66,6.2-23.7,6.75-34.85,1.47-11.15-5.29-18.98-15.72-20.94-27.9-1.96-12.18,2.21-24.55,11.14-33.06l-18.46-30.62H14.42c-4.02,.14-7.82,1.91-10.53,4.89C1.18,87.14-.21,91.09,.03,95.11c.23,4.02,2.08,7.78,5.12,10.42L174.03,238.79v205.19l-105.79,35c-4.75,1.27-8.56,4.83-10.16,9.48-1.6,4.66-.78,9.8,2.19,13.73s7.7,6.11,12.61,5.84h219.98c4.7-.04,9.09-2.3,11.85-6.11,2.75-3.8,3.54-8.69,2.12-13.16-1.42-4.47-4.89-8.01-9.33-9.52l-105.79-35V238.88s109.55-86.45,109.55-86.45h0c15.84,14.54,36.6,22.54,58.1,22.4,22.96-.32,44.88-9.66,61.02-26,16.14-16.34,25.21-38.37,25.25-61.33,.04-22.96-8.94-45.02-25.02-61.42Zm-130.55,53.2c.37-2.95,.92-5.87,1.66-8.75h0c2.38-9.18,6.61-17.79,12.43-25.29l33.86,34.04h-47.95Zm34.13,68.95c-2.74-1.57-5.37-3.32-7.88-5.25l11.55-11.99,22.23-17.5,.35,43.49c-9.25-1.14-18.17-4.11-26.25-8.75Zm-7.7-115.59c9.82-7.62,21.52-12.46,33.86-14l.09,48.12-33.95-34.12Zm111.65,46.64h-47.77l33.86-33.86c7.59,9.84,12.4,21.53,13.91,33.86Zm-60.28-60.64c12.34,1.54,24.04,6.38,33.86,14l-33.86,33.86V18.64Zm0,138.07v-47.95l33.86,33.86c-9.82,7.65-21.52,12.52-33.86,14.09Zm46.29-26.25l-33.78-33.69h47.95c-1.65,12.23-6.54,23.81-14.18,33.51v.18Z\"><\/path><\/g><\/g><\/svg>\t\t\t<\/div>\n\t\t<\/div>\n\t\t\t\t<\/div>\n\t\t\t\t<\/div>\n\t\t\t\t<div class=\"elementor-element elementor-element-6eb1ec0 elementor-widget elementor-widget-heading\" data-id=\"6eb1ec0\" data-element_type=\"widget\" data-widget_type=\"heading.default\">\n\t\t\t\t<div class=\"elementor-widget-container\">\n\t\t\t<style>\/*! elementor - v3.8.0 - 30-10-2022 *\/\n.elementor-heading-title{padding:0;margin:0;line-height:1}.elementor-widget-heading .elementor-heading-title[class*=elementor-size-]>a{color:inherit;font-size:inherit;line-height:inherit}.elementor-widget-heading .elementor-heading-title.elementor-size-small{font-size:15px}.elementor-widget-heading .elementor-heading-title.elementor-size-medium{font-size:19px}.elementor-widget-heading .elementor-heading-title.elementor-size-large{font-size:29px}.elementor-widget-heading .elementor-heading-title.elementor-size-xl{font-size:39px}.elementor-widget-heading .elementor-heading-title.elementor-size-xxl{font-size:59px}<\/style><h2 class=\"elementor-heading-title elementor-size-default\">Terrazza Regina<\/h2>\t\t<\/div>\n\t\t\t\t<\/div>\n\t\t\t\t<div class=\"elementor-element elementor-element-33863ee elementor-widget elementor-widget-text-editor\" data-id=\"33863ee\" data-element_type=\"widget\" data-widget_type=\"text-editor.default\">\n\t\t\t\t<div class=\"elementor-widget-container\">\n\t\t\t<style>\/*! elementor - v3.8.0 - 30-10-2022 *\/\n.elementor-widget-text-editor.elementor-drop-cap-view-stacked .elementor-drop-cap{background-color:#818a91;color:#fff}.elementor-widget-text-editor.elementor-drop-cap-view-framed .elementor-drop-cap{color:#818a91;border:3px solid;background-color:transparent}.elementor-widget-text-editor:not(.elementor-drop-cap-view-default) .elementor-drop-cap{margin-top:8px}.elementor-widget-text-editor:not(.elementor-drop-cap-view-default) .elementor-drop-cap-letter{width:1em;height:1em}.elementor-widget-text-editor .elementor-drop-cap{float:left;text-align:center;line-height:1;font-size:50px}.elementor-widget-text-editor .elementor-drop-cap-letter{display:inline-block}<\/style>\t\t\t\t<p>Was gibt es Sch\u00f6neres als einen Aperitif direkt an der ber\u00fchmtesten Stra\u00dfe in Jesolo? <br \/>Unsere Terrasse bietet einen direkten Blick auf die Via Bafile, die l\u00e4ngste Einkaufsstra\u00dfe Europas. Relax und Fr\u00f6hlichkeit herrschen auf der Terrasse vor, wo Sie ab den ersten Morgenstunden bis tief in die Nacht ein hochwertiges Angebot vorfinden. Von Snacks bis zum Aperitif, vielleicht mit einem Aperol-Spritz, und zu den Cocktails nach dem Abendessen.<\/p><p>\u00a0<\/p><p><strong>All das ist die Terrazza Regina! <\/strong><a href=\"https:\/\/risorsedarisi.altervista.org\/bar_terrazza_regina\/index.html\"><span style=\"text-decoration: underline;\"><em>Siehe Men\u00fc<\/em><\/span><\/a><\/p>\t\t\t\t\t\t<\/div>\n\t\t\t\t<\/div>\n\t\t\t\t\t<\/div>\n\t\t<\/div>\n\t\t\t\t<div class=\"elementor-column elementor-col-50 elementor-top-column elementor-element elementor-element-4b7de0b\" data-id=\"4b7de0b\" data-element_type=\"column\">\n\t\t\t<div class=\"elementor-widget-wrap elementor-element-populated\">\n\t\t\t\t\t\t\t\t<div class=\"elementor-element elementor-element-c6a2042 elementor--h-position-center elementor--v-position-middle elementor-arrows-position-inside elementor-pagination-position-inside elementor-widget elementor-widget-slides\" data-id=\"c6a2042\" data-element_type=\"widget\" data-settings=\"{&quot;navigation&quot;:&quot;both&quot;,&quot;autoplay&quot;:&quot;yes&quot;,&quot;pause_on_hover&quot;:&quot;yes&quot;,&quot;autoplay_speed&quot;:5000,&quot;infinite&quot;:&quot;yes&quot;,&quot;transition&quot;:&quot;slide&quot;,&quot;transition_speed&quot;:500}\" data-widget_type=\"slides.default\">\n\t\t\t\t<div class=\"elementor-widget-container\">\n\t\t\t<style>\/*! elementor-pro - v3.8.1 - 07-11-2022 *\/\n.elementor-slides .swiper-slide-bg{background-size:cover;background-position:50%;background-repeat:no-repeat;min-width:100%;min-height:100%}.elementor-slides .swiper-slide-inner{background-repeat:no-repeat;background-position:50%;position:absolute;top:0;left:0;bottom:0;right:0;padding:50px;margin:auto}.elementor-slides .swiper-slide-inner,.elementor-slides .swiper-slide-inner:hover{color:#fff;display:-webkit-box;display:-ms-flexbox;display:flex}.elementor-slides .swiper-slide-inner .elementor-background-overlay{position:absolute;z-index:0;top:0;bottom:0;left:0;right:0}.elementor-slides .swiper-slide-inner .elementor-slide-content{position:relative;z-index:1;width:100%}.elementor-slides .swiper-slide-inner .elementor-slide-heading{font-size:35px;font-weight:700;line-height:1}.elementor-slides .swiper-slide-inner .elementor-slide-description{font-size:17px;line-height:1.4}.elementor-slides .swiper-slide-inner .elementor-slide-description:not(:last-child),.elementor-slides .swiper-slide-inner .elementor-slide-heading:not(:last-child){margin-bottom:30px}.elementor-slides .swiper-slide-inner .elementor-slide-button{border:2px solid #fff;color:#fff;background:transparent;display:inline-block}.elementor-slides .swiper-slide-inner .elementor-slide-button,.elementor-slides .swiper-slide-inner .elementor-slide-button:hover{background:transparent;color:inherit;text-decoration:none}.elementor--v-position-top .swiper-slide-inner{-webkit-box-align:start;-ms-flex-align:start;align-items:flex-start}.elementor--v-position-bottom .swiper-slide-inner{-webkit-box-align:end;-ms-flex-align:end;align-items:flex-end}.elementor--v-position-middle .swiper-slide-inner{-webkit-box-align:center;-ms-flex-align:center;align-items:center}.elementor--h-position-left .swiper-slide-inner{-webkit-box-pack:start;-ms-flex-pack:start;justify-content:flex-start}.elementor--h-position-right .swiper-slide-inner{-webkit-box-pack:end;-ms-flex-pack:end;justify-content:flex-end}.elementor--h-position-center .swiper-slide-inner{-webkit-box-pack:center;-ms-flex-pack:center;justify-content:center}body.rtl .elementor-widget-slides .elementor-swiper-button-next{left:10px;right:auto}body.rtl .elementor-widget-slides .elementor-swiper-button-prev{right:10px;left:auto}.elementor-slides-wrapper div:not(.swiper-slide)>.swiper-slide-inner{display:none}@media (max-width:767px){.elementor-slides .swiper-slide-inner{padding:30px}.elementor-slides .swiper-slide-inner .elementor-slide-heading{font-size:23px;line-height:1;margin-bottom:15px}.elementor-slides .swiper-slide-inner .elementor-slide-description{font-size:13px;line-height:1.4;margin-bottom:15px}}<\/style>\t\t<div class=\"elementor-swiper\">\n\t\t\t<div class=\"elementor-slides-wrapper elementor-main-swiper swiper-container\" dir=\"ltr\" data-animation=\"fadeInUp\">\n\t\t\t\t<div class=\"swiper-wrapper elementor-slides\">\n\t\t\t\t\t\t\t\t\t\t<div class=\"elementor-repeater-item-ab58015 swiper-slide\"><div class=\"swiper-slide-bg\"><\/div><div class=\"swiper-slide-inner\" ><div class=\"swiper-slide-contents\"><\/div><\/div><\/div><div class=\"elementor-repeater-item-d07dd49 swiper-slide\"><div class=\"swiper-slide-bg\"><\/div><div class=\"swiper-slide-inner\" ><div class=\"swiper-slide-contents\"><\/div><\/div><\/div><div class=\"elementor-repeater-item-2136d57 swiper-slide\"><div class=\"swiper-slide-bg\"><\/div><div class=\"swiper-slide-inner\" ><div class=\"swiper-slide-contents\"><\/div><\/div><\/div><div class=\"elementor-repeater-item-b823a71 swiper-slide\"><div class=\"swiper-slide-bg\"><\/div><div class=\"swiper-slide-inner\" ><div class=\"swiper-slide-contents\"><\/div><\/div><\/div><div class=\"elementor-repeater-item-20c05a5 swiper-slide\"><div class=\"swiper-slide-bg\"><\/div><div class=\"swiper-slide-inner\" ><div class=\"swiper-slide-contents\"><\/div><\/div><\/div><div class=\"elementor-repeater-item-db0e182 swiper-slide\"><div class=\"swiper-slide-bg\"><\/div><div class=\"swiper-slide-inner\" ><div class=\"swiper-slide-contents\"><\/div><\/div><\/div><div class=\"elementor-repeater-item-8ad08a1 swiper-slide\"><div class=\"swiper-slide-bg\"><\/div><div class=\"swiper-slide-inner\" ><div class=\"swiper-slide-contents\"><\/div><\/div><\/div><div class=\"elementor-repeater-item-5e23682 swiper-slide\"><div class=\"swiper-slide-bg\"><\/div><div class=\"swiper-slide-inner\" ><div class=\"swiper-slide-contents\"><\/div><\/div><\/div><div class=\"elementor-repeater-item-65cf534 swiper-slide\"><div class=\"swiper-slide-bg\"><\/div><div class=\"swiper-slide-inner\" ><div class=\"swiper-slide-contents\"><\/div><\/div><\/div><div class=\"elementor-repeater-item-c164ad5 swiper-slide\"><div class=\"swiper-slide-bg\"><\/div><div class=\"swiper-slide-inner\" ><div class=\"swiper-slide-contents\"><\/div><\/div><\/div>\t\t\t\t<\/div>\n\t\t\t\t\t\t\t\t\t\t\t\t\t\t\t<div class=\"swiper-pagination\"><\/div>\n\t\t\t\t\t\t\t\t\t\t\t\t\t\t\t\t<div class=\"elementor-swiper-button elementor-swiper-button-prev\">\n\t\t\t\t\t\t\t<i aria-hidden=\"true\" class=\"eicon-chevron-left\"><\/i>\t\t\t\t\t\t\t<span class=\"elementor-screen-only\">Voriger<\/span>\n\t\t\t\t\t\t<\/div>\n\t\t\t\t\t\t<div class=\"elementor-swiper-button elementor-swiper-button-next\">\n\t\t\t\t\t\t\t<i aria-hidden=\"true\" class=\"eicon-chevron-right\"><\/i>\t\t\t\t\t\t\t<span class=\"elementor-screen-only\">N\u00e4chster<\/span>\n\t\t\t\t\t\t<\/div>\n\t\t\t\t\t\t\t\t\t\t\t\t<\/div>\n\t\t<\/div>\n\t\t\t\t<\/div>\n\t\t\t\t<\/div>\n\t\t\t\t\t<\/div>\n\t\t<\/div>\n\t\t\t\t\t\t\t<\/div>\n\t\t<\/section>\n\t\t\t\t<section class=\"elementor-section elementor-top-section elementor-element elementor-element-2097ae2 elementor-section-full_width elementor-section-height-default elementor-section-height-default\" data-id=\"2097ae2\" data-element_type=\"section\">\n\t\t\t\t\t\t<div class=\"elementor-container elementor-column-gap-default\">\n\t\t\t\t\t<div class=\"elementor-column elementor-col-50 elementor-top-column elementor-element elementor-element-865ace5\" data-id=\"865ace5\" data-element_type=\"column\">\n\t\t\t<div class=\"elementor-widget-wrap elementor-element-populated\">\n\t\t\t\t\t\t\t\t<div class=\"elementor-element elementor-element-8b793f9 elementor-absolute elementor-widget elementor-widget-image\" data-id=\"8b793f9\" data-element_type=\"widget\" data-settings=\"{&quot;_position&quot;:&quot;absolute&quot;}\" data-widget_type=\"image.default\">\n\t\t\t\t<div class=\"elementor-widget-container\">\n\t\t\t<style>\/*! elementor - v3.8.0 - 30-10-2022 *\/\n.elementor-widget-image{text-align:center}.elementor-widget-image a{display:inline-block}.elementor-widget-image a img[src$=\".svg\"]{width:48px}.elementor-widget-image img{vertical-align:middle;display:inline-block}<\/style>\t\t\t\t\t\t\t\t\t\t\t\t<img loading=\"lazy\" decoding=\"async\" width=\"2560\" height=\"1707\" src=\"https:\/\/www.hotelreginajesolo.it\/wp-content\/uploads\/2024\/02\/IMG_0638-scaled.jpg\" class=\"attachment-full size-full\" alt=\"\" srcset=\"https:\/\/www.hotelreginajesolo.it\/wp-content\/uploads\/2024\/02\/IMG_0638-scaled.jpg 2560w, https:\/\/www.hotelreginajesolo.it\/wp-content\/uploads\/2024\/02\/IMG_0638-300x200.jpg 300w, https:\/\/www.hotelreginajesolo.it\/wp-content\/uploads\/2024\/02\/IMG_0638-1024x683.jpg 1024w, https:\/\/www.hotelreginajesolo.it\/wp-content\/uploads\/2024\/02\/IMG_0638-768x512.jpg 768w, https:\/\/www.hotelreginajesolo.it\/wp-content\/uploads\/2024\/02\/IMG_0638-1536x1024.jpg 1536w, https:\/\/www.hotelreginajesolo.it\/wp-content\/uploads\/2024\/02\/IMG_0638-2048x1365.jpg 2048w\" sizes=\"auto, (max-width: 2560px) 100vw, 2560px\" \/>\t\t\t\t\t\t\t\t\t\t\t\t\t\t\t<\/div>\n\t\t\t\t<\/div>\n\t\t\t\t\t<\/div>\n\t\t<\/div>\n\t\t\t\t<div class=\"elementor-column elementor-col-50 elementor-top-column elementor-element elementor-element-fc443bd\" data-id=\"fc443bd\" data-element_type=\"column\">\n\t\t\t<div class=\"elementor-widget-wrap elementor-element-populated\">\n\t\t\t\t\t\t\t\t<div class=\"elementor-element elementor-element-8703de5 elementor-widget elementor-widget-spacer\" data-id=\"8703de5\" data-element_type=\"widget\" data-widget_type=\"spacer.default\">\n\t\t\t\t<div class=\"elementor-widget-container\">\n\t\t\t\t\t<div class=\"elementor-spacer\">\n\t\t\t<div class=\"elementor-spacer-inner\"><\/div>\n\t\t<\/div>\n\t\t\t\t<\/div>\n\t\t\t\t<\/div>\n\t\t\t\t<div class=\"elementor-element elementor-element-cbf3c26 elementor-widget elementor-widget-image\" data-id=\"cbf3c26\" data-element_type=\"widget\" data-widget_type=\"image.default\">\n\t\t\t\t<div class=\"elementor-widget-container\">\n\t\t\t\t\t\t\t\t\t\t\t\t\t\t\t<img loading=\"lazy\" decoding=\"async\" width=\"1680\" height=\"1120\" src=\"https:\/\/www.hotelreginajesolo.it\/wp-content\/uploads\/2022\/02\/Hotel-Regina-126.jpg\" class=\"attachment-full size-full\" alt=\"\" srcset=\"https:\/\/www.hotelreginajesolo.it\/wp-content\/uploads\/2022\/02\/Hotel-Regina-126.jpg 1680w, https:\/\/www.hotelreginajesolo.it\/wp-content\/uploads\/2022\/02\/Hotel-Regina-126-300x200.jpg 300w, https:\/\/www.hotelreginajesolo.it\/wp-content\/uploads\/2022\/02\/Hotel-Regina-126-1024x683.jpg 1024w, https:\/\/www.hotelreginajesolo.it\/wp-content\/uploads\/2022\/02\/Hotel-Regina-126-768x512.jpg 768w, https:\/\/www.hotelreginajesolo.it\/wp-content\/uploads\/2022\/02\/Hotel-Regina-126-1536x1024.jpg 1536w\" sizes=\"auto, (max-width: 1680px) 100vw, 1680px\" \/>\t\t\t\t\t\t\t\t\t\t\t\t\t\t\t<\/div>\n\t\t\t\t<\/div>\n\t\t\t\t\t<\/div>\n\t\t<\/div>\n\t\t\t\t\t\t\t<\/div>\n\t\t<\/section>\n\t\t\t\t<section class=\"elementor-section elementor-top-section elementor-element elementor-element-9dd11ab elementor-section-boxed elementor-section-height-default elementor-section-height-default\" data-id=\"9dd11ab\" data-element_type=\"section\">\n\t\t\t\t\t\t<div class=\"elementor-container elementor-column-gap-default\">\n\t\t\t\t\t<div class=\"elementor-column elementor-col-100 elementor-top-column elementor-element elementor-element-2edc46b\" data-id=\"2edc46b\" data-element_type=\"column\">\n\t\t\t<div class=\"elementor-widget-wrap elementor-element-populated\">\n\t\t\t\t\t\t\t\t<div class=\"elementor-element elementor-element-986c699 elementor-widget elementor-widget-spacer\" data-id=\"986c699\" data-element_type=\"widget\" data-widget_type=\"spacer.default\">\n\t\t\t\t<div class=\"elementor-widget-container\">\n\t\t\t\t\t<div class=\"elementor-spacer\">\n\t\t\t<div class=\"elementor-spacer-inner\"><\/div>\n\t\t<\/div>\n\t\t\t\t<\/div>\n\t\t\t\t<\/div>\n\t\t\t\t\t<\/div>\n\t\t<\/div>\n\t\t\t\t\t\t\t<\/div>\n\t\t<\/section>\n\t\t\t\t\t\t\t<\/div>\n\t\t","protected":false},"excerpt":{"rendered":"<p>Terrazza Regina Was gibt es Sch\u00f6neres als einen Aperitif direkt an der ber\u00fchmtesten Stra\u00dfe in Jesolo? Unsere Terrasse bietet einen direkten Blick auf die Via Bafile, die l\u00e4ngste Einkaufsstra\u00dfe Europas. Relax und Fr\u00f6hlichkeit herrschen auf der Terrasse vor, wo Sie ab den ersten Morgenstunden bis tief in die Nacht ein hochwertiges Angebot vorfinden. Von Snacks [&hellip;]<\/p>\n","protected":false},"author":1,"featured_media":0,"parent":0,"menu_order":0,"comment_status":"closed","ping_status":"closed","template":"","meta":{"inline_featured_image":false,"footnotes":""},"class_list":["post-1372","page","type-page","status-publish","hentry"],"_links":{"self":[{"href":"https:\/\/www.hotelreginajesolo.it\/de\/wp-json\/wp\/v2\/pages\/1372","targetHints":{"allow":["GET"]}}],"collection":[{"href":"https:\/\/www.hotelreginajesolo.it\/de\/wp-json\/wp\/v2\/pages"}],"about":[{"href":"https:\/\/www.hotelreginajesolo.it\/de\/wp-json\/wp\/v2\/types\/page"}],"author":[{"embeddable":true,"href":"https:\/\/www.hotelreginajesolo.it\/de\/wp-json\/wp\/v2\/users\/1"}],"replies":[{"embeddable":true,"href":"https:\/\/www.hotelreginajesolo.it\/de\/wp-json\/wp\/v2\/comments?post=1372"}],"version-history":[{"count":30,"href":"https:\/\/www.hotelreginajesolo.it\/de\/wp-json\/wp\/v2\/pages\/1372\/revisions"}],"predecessor-version":[{"id":5068,"href":"https:\/\/www.hotelreginajesolo.it\/de\/wp-json\/wp\/v2\/pages\/1372\/revisions\/5068"}],"wp:attachment":[{"href":"https:\/\/www.hotelreginajesolo.it\/de\/wp-json\/wp\/v2\/media?parent=1372"}],"curies":[{"name":"wp","href":"https:\/\/api.w.org\/{rel}","templated":true}]}}