{"id":1386,"date":"2022-02-16T08:06:05","date_gmt":"2022-02-16T08:06:05","guid":{"rendered":"https:\/\/www.hotelreginajesolo.it\/privacy-policy\/"},"modified":"2022-06-01T15:59:42","modified_gmt":"2022-06-01T15:59:42","slug":"privacy-policy","status":"publish","type":"page","link":"https:\/\/www.hotelreginajesolo.it\/de\/privacy-policy\/","title":{"rendered":"Privacy Policy"},"content":{"rendered":"\t\t<div data-elementor-type=\"wp-page\" data-elementor-id=\"1386\" class=\"elementor elementor-1386 elementor-381\">\n\t\t\t\t\t\t\t\t\t<section class=\"elementor-section elementor-top-section elementor-element elementor-element-e4d527d elementor-section-boxed elementor-section-height-default elementor-section-height-default\" data-id=\"e4d527d\" data-element_type=\"section\">\n\t\t\t\t\t\t<div class=\"elementor-container elementor-column-gap-default\">\n\t\t\t\t\t<div class=\"elementor-column elementor-col-100 elementor-top-column elementor-element elementor-element-bb4b8bd\" data-id=\"bb4b8bd\" data-element_type=\"column\">\n\t\t\t<div class=\"elementor-widget-wrap elementor-element-populated\">\n\t\t\t\t\t\t\t\t<div class=\"elementor-element elementor-element-2923afe elementor-widget elementor-widget-spacer\" data-id=\"2923afe\" data-element_type=\"widget\" data-widget_type=\"spacer.default\">\n\t\t\t\t<div class=\"elementor-widget-container\">\n\t\t\t<style>\/*! elementor - v3.8.0 - 30-10-2022 *\/\n.elementor-column .elementor-spacer-inner{height:var(--spacer-size)}.e-con{--container-widget-width:100%}.e-con-inner>.elementor-widget-spacer,.e-con>.elementor-widget-spacer{width:var(--container-widget-width,var(--spacer-size));-ms-flex-item-align:stretch;align-self:stretch;-ms-flex-negative:0;flex-shrink:0}.e-con-inner>.elementor-widget-spacer>.elementor-widget-container,.e-con-inner>.elementor-widget-spacer>.elementor-widget-container>.elementor-spacer,.e-con>.elementor-widget-spacer>.elementor-widget-container,.e-con>.elementor-widget-spacer>.elementor-widget-container>.elementor-spacer{height:100%}.e-con-inner>.elementor-widget-spacer>.elementor-widget-container>.elementor-spacer>.elementor-spacer-inner,.e-con>.elementor-widget-spacer>.elementor-widget-container>.elementor-spacer>.elementor-spacer-inner{height:var(--container-widget-height,var(--spacer-size))}<\/style>\t\t<div class=\"elementor-spacer\">\n\t\t\t<div class=\"elementor-spacer-inner\"><\/div>\n\t\t<\/div>\n\t\t\t\t<\/div>\n\t\t\t\t<\/div>\n\t\t\t\t<div class=\"elementor-element elementor-element-74caf2f elementor-widget elementor-widget-text-editor\" data-id=\"74caf2f\" data-element_type=\"widget\" data-widget_type=\"text-editor.default\">\n\t\t\t\t<div class=\"elementor-widget-container\">\n\t\t\t<style>\/*! elementor - v3.8.0 - 30-10-2022 *\/\n.elementor-widget-text-editor.elementor-drop-cap-view-stacked .elementor-drop-cap{background-color:#818a91;color:#fff}.elementor-widget-text-editor.elementor-drop-cap-view-framed .elementor-drop-cap{color:#818a91;border:3px solid;background-color:transparent}.elementor-widget-text-editor:not(.elementor-drop-cap-view-default) .elementor-drop-cap{margin-top:8px}.elementor-widget-text-editor:not(.elementor-drop-cap-view-default) .elementor-drop-cap-letter{width:1em;height:1em}.elementor-widget-text-editor .elementor-drop-cap{float:left;text-align:center;line-height:1;font-size:50px}.elementor-widget-text-editor .elementor-drop-cap-letter{display:inline-block}<\/style>\t\t\t\t<p>INFORMATIVA PER IL TRATTAMENTO DEI DATI PERSONALI<\/p><p> <\/p><p>Con la presente informativa, ai sensi degli artt. 13 e 14 del Regolamento UE sulla protezione dei dati n. 2016\/679 (\u201cGDPR\u201d \u2013 General Data Protection Regulation), Le forniremo le informazioni circa il trattamento dei dati personali, anagrafici e\/o identificativi da Lei comunicati in occasione della conclusione del contratto per i servizi offerti dal Titolare.Titolare del trattamento.Il Titolare del trattamento dei Suoi dati personali \u00e8 la societ\u00e0 Hotel Regina, attraverso il suo legale rappresentante (di seguito anche il \u201cTitolare del trattamento\u201d) che pu\u00f2 essere contattato mediante comunicazione scritta da inviarsi alla seguente e-mail: info@hotelreginajesolo.it.<\/p><p>Finalit\u00e0 del trattamento e Base Giuridica.Il trattamento a cui saranno sottoposti i Suoi dati personali sar\u00e0 effettuato per le finalit\u00e0 di seguito riportate:<\/p><p>Per l\u2019adempimento degli obblighi contrattauli, per garantirLe l\u2019accesso ai servizi pattuiti e al fine di fornirLe l\u2019assistenza e le informazioni necessarie in merito a quest\u2019ultimi;<br>(Base giuridica del trattamento: Esecuzione del contratto e\/o misure precontrattuali);<\/p><p>l\u2019invio di newsletter commerciali, offerte, promozioni, sconti su nuovi servizi ed eventi tramite posta elettronica, servizio postale, social network, sms e specifiche \u201capp\u201d;<br>(Base giuridica del trattamento: Consenso);<\/p><p>per svolgere attivit\u00e0 di profilazione, mediante la lettura e l\u2019analisi, attraverso processi decisionali automatizzati, dei comportamenti d\u2019acquisto, utilizzando i dati relativi alle Sue spese, al fine di migliorare l\u2019offerta commerciale ed effettuare specifiche promozioni di prodotti e offerte commerciali il pi\u00f9 possibile confacenti al Suo profilo e alle Sue esigenze, anche attraverso indagini e ricerche di mercato;<br>(Base giuridica del trattamento: Consenso dell\u2019interessato);L\u2019eventuale rifiuto a prestare il proprio consenso per la finalit\u00e0 di cui al punto 1 comporter\u00e0 impossibilit\u00e0 per il Titolare di dare esecuzione al contratto.Inoltre la comunicazione dei suoi dati \u00e8 obbligatoria per poter dare riscontro alla Sua richiesta di informazioni e\/o di contatto pervenuta al Titolare.Il trattamento dei Suoi dati verr\u00e0 improntato dal Titolare del trattamento ai principi di correttezza, liceit\u00e0 e trasparenza, nonch\u00e9 di tutela della Sua riservatezza e di tutela dei Suoi diritti e in nessun caso sar\u00e0 rivolto al perseguimento di finalit\u00e0 estranee a quelle test\u00e8 menzionate.Potranno,altres\u00ec, essere raccolti e trattati ulteriormente altri dati tecnici e\/o cookie per come megliospecificato nellasezione \u201cCOOKIE\u201d alla quale si fa espresso rinvio.Modalit\u00e0 del trattamento.In relazione alle indicate finalit\u00e0, il trattamento dei dati avverr\u00e0 con strumenti manuali, informatici e telematici, direttamente e\/o tramite terzi, con strumenti idonei a garantire la sicurezza e la riservatezza delle informazioni stesse, in conformit\u00e0 a quanto previsto per legge.Comunicazione dei dati.I dati personali, per le finalit\u00e0 di cui sopra, potranno essere comunicati:<\/p><p>a coloro i quali all\u2019interno dell\u2019organizzazione del Titolare, ne abbiano necessit\u00e0 per effetto della mansione ricoperta. Tali soggetti sono le persone autorizzate al trattamento sotto l\u2019autorit\u00e0 diretta del Titolare;<br>a soggetti terzi a cui il Titolare eventualmente esternalizzi determinate attivit\u00e0 e che di conseguenza erogano a quest\u2019ultimo specifici servizi strumentali, comunque correlati ai trattamenti e alle finalit\u00e0 di cui sopra, tra i quali vi rientrano a titolo esemplificativo e non esaustivo: servizi amministrativi, contabili, fiscali, di gestione del sistema informativo, di riscossione del credito. Tali soggetti terzi effettuano trattamenti per conto del Titolare e risultano autorizzati a trattarli in qualit\u00e0 di Responsabili del trattamento secondo quanto previsto dall\u2019art 28 del GDPR.<br>a terzi per adempiere ad obblighi di legge, per rispettare ordini provenienti da Autorit\u00e0 pubbliche o per dar seguito alle richieste provenienti dall\u2019Autorit\u00e0 giudiziaria ovvero peraccertare, esercitare o difendere un diritto in sede giudiziaria.<br>I suoi dati personali di cui sopra potranno esseretrasferiti anche a Paesi extra UE nei confronti dei quali sia emessa una decisione di adeguatezza da parte della Comissione euroreaose il trasferimento sia soggetto a garanzie adeguate in conformit\u00e0 a quanto previsto ex artt. 44 e ss. GDPR.Periodo di conservazione.Il Titolare conserver\u00e0 i Suoi dati personali per il tempo strettamente necessario all\u2019adempimento delle finalit\u00e0 di cui sopra, nel rispetto delle vigenti normative, e comunque entro e non oltre il termine di legge di 10 anni dall\u2019ultimo utilizzo.Per le finalit\u00e0 di marketing e profilazione il dato di acquisto da parte dei clienti, i dati anagrafici e di contatto dei clienti e potenziali clienti relativi alle promozioni verranno conservati rispettivamente perun periodo massimo di 24 mesi e 12 mesi.Le fatture, i documenti contabili e i dati aventi ad oggetto le transazioni commerciali saranno conservati, ai sensi di legge, per un massimo di 10 anni.I suoi diritti.In ogni momento, Lei potr\u00e0 esercitare, ai sensi degli articoli 15 e ss. del Regolamento UE n. 2016\/679, il diritto di:<\/p><p>a) chiedere la conferma dell\u2019esistenza o meno di propri dati personali;<br>b) ottenere le indicazioni circa le finalit\u00e0 del trattamento, le categorie dei dati personali, i destinatari o le categorie di destinatari a cui i dati personali sono stati o saranno comunicati e il periodo o criterio di conservazione;<br>c) ottenere la rettifica e la cancellazione dei dati;<br>d) ottenere la limitazione del trattamento;<br>e) ottenere la portabilit\u00e0 dei dati, ossia riceverli da un titolare del trattamento, in un formato strutturato, di uso comune e leggibile da dispositivo automatico, e trasmetterli ad un altro titolare del trattamento senza impedimenti;<br>f) opporsi al trattamento dei Suoi dati personali in qualsiasi momento (art. 21).<br>g) opporsi ad un processo decisionale automatizzato, compresa la profilazione (art.22);<br>h) revocare il consenso in qualsiasi momento senza pregiudicare la liceit\u00e0 del trattamento basata sul consenso prestato prima della revoca;<br>i) proporre reclamo all\u2019Autorit\u00e0 Garante della protezione dei dati (art.77) qualora ritenga che il trattamento dei suoi dati sia contrario alla normativa in vigore.<br>Per esercitare i suddetti diritti,potr\u00e0inviare una richiesta agli estremi di contatto del Titolare indicati nel presente documento.<\/p><p> <\/p><p> <\/p><p> <\/p><p> <\/p><p>COOKIES POLICY<\/p><p> <\/p><p> <\/p><p>Questo sito web utilizza i Cookies<\/p><p>I cookies sono piccoli file di testo che vengono automaticamente posizionati sul PC del navigatore all\u2019interno del browser. Essi contengono informazioni di base sulla navigazione in Internet e grazie al browser vengono riconosciuti ogni volta che l\u2019utente visita il sito.<\/p><p>Cookie Policy<\/p><p>Questo sito utilizza cookies, anche di terze parti, per migliorarne l\u2019esperienza di navigazione, consentire a chi naviga di usufruire di eventuali servizi online e monitorare la navigazione nel sito.<\/p><p>Come disabilitare i Cookies<\/p><p>E\u2019 possibile disabilitare i cookies direttamente dal browser utilizzato, accedendo alle impostazioni (preferenze oppure opzioni): questa scelta potrebbe limitare alcune funzionalit\u00e0 di navigazione del sito.<\/p><p>Gestione dei Cookies<\/p><p>I cookies utilizzati in questo sito possono rientrare nelle categorie descritte di seguito.<\/p><p>Attivit\u00e0 strettamente necessarie al funzionamento<\/p><p>Questi cookies hanno natura tecnica e permettono al sito di funzionare correttamente. Ad esempio, mantengono l\u2019utente collegato durante la navigazione evitando che il sito richieda di collegarsi pi\u00f9 volte per accedere alle pagine successive.<\/p><p>Attivit\u00e0 di salvataggio delle preferenze<\/p><p>Questi cookie permettono di ricordare le preferenze selezionate dall\u2019utente durante la navigazione, ad esempio, consentono di impostare la lingua.<\/p><p>Attivit\u00e0 Statistiche e di Misurazione dell\u2019audience (es: Google Analytics)<\/p><p>Questi cookie ci aiutano a capire, attraverso dati raccolti in forma anonima e aggregata, come gli utenti interagiscono con il sito internet fornendo informazioni relative alle sezioni visitate, il tempo trascorso sul sito, eventuali malfunzionamenti. Questo aiuta a migliorare la resa del sito internet.<\/p><p>Cookie di social media (es: Facebook,Instagram) <\/p><p>Questi cookie di terza parte vengono utilizzati per integrare alcune diffuse funzionalit\u00e0 dei principali social media e fornirle all\u2019interno del sito. In particolare permettono la registrazione e l\u2019autenticazione sul sito tramite Facebook, Instagram e Google+, la condivisione e i commenti di pagine del sito sui social, abilitano le funzionalit\u00e0 del \u201cMi piace\u201d su Facebook, del \u201cSegui\u201d su Instagram e del \u201c+1\u2033 su G+.<\/p><p>Fornitori di terze parti<\/p><p>I fornitori di terze parti, tra cui Google, utilizzano cookie per pubblicare annunci in base alle precedenti visite di un utente su questo sito.L\u2019utilizzo dei cookie per la pubblicit\u00e0 consente a Google e ai suoi partner di pubblicare annunci per gli utenti di questo sito (e su altri siti) in base ai dati statistici raccolti su questo sito e sui siti web dei partner Google.Gli utenti possono scegliere di disattivare la pubblicit\u00e0 personalizzata, visitando la pagina Impostazioni annunci.Visitando la pagina www.aboutads.info potrai disattivare i cookies dei fornitori di terze parti.<\/p>\t\t\t\t\t\t<\/div>\n\t\t\t\t<\/div>\n\t\t\t\t<div class=\"elementor-element elementor-element-f433695 elementor-widget elementor-widget-spacer\" data-id=\"f433695\" data-element_type=\"widget\" data-widget_type=\"spacer.default\">\n\t\t\t\t<div class=\"elementor-widget-container\">\n\t\t\t\t\t<div class=\"elementor-spacer\">\n\t\t\t<div class=\"elementor-spacer-inner\"><\/div>\n\t\t<\/div>\n\t\t\t\t<\/div>\n\t\t\t\t<\/div>\n\t\t\t\t\t<\/div>\n\t\t<\/div>\n\t\t\t\t\t\t\t<\/div>\n\t\t<\/section>\n\t\t\t\t\t\t\t<\/div>\n\t\t","protected":false},"excerpt":{"rendered":"<p>INFORMATIVA PER IL TRATTAMENTO DEI DATI PERSONALI Con la presente informativa, ai sensi degli artt. 13 e 14 del Regolamento UE sulla protezione dei dati n. 2016\/679 (\u201cGDPR\u201d \u2013 General Data Protection Regulation), Le forniremo le informazioni circa il trattamento dei dati personali, anagrafici e\/o identificativi da Lei comunicati in occasione della conclusione del contratto [&hellip;]<\/p>\n","protected":false},"author":1,"featured_media":0,"parent":0,"menu_order":0,"comment_status":"closed","ping_status":"closed","template":"","meta":{"inline_featured_image":false,"footnotes":""},"class_list":["post-1386","page","type-page","status-publish","hentry"],"_links":{"self":[{"href":"https:\/\/www.hotelreginajesolo.it\/de\/wp-json\/wp\/v2\/pages\/1386","targetHints":{"allow":["GET"]}}],"collection":[{"href":"https:\/\/www.hotelreginajesolo.it\/de\/wp-json\/wp\/v2\/pages"}],"about":[{"href":"https:\/\/www.hotelreginajesolo.it\/de\/wp-json\/wp\/v2\/types\/page"}],"author":[{"embeddable":true,"href":"https:\/\/www.hotelreginajesolo.it\/de\/wp-json\/wp\/v2\/users\/1"}],"replies":[{"embeddable":true,"href":"https:\/\/www.hotelreginajesolo.it\/de\/wp-json\/wp\/v2\/comments?post=1386"}],"version-history":[{"count":3,"href":"https:\/\/www.hotelreginajesolo.it\/de\/wp-json\/wp\/v2\/pages\/1386\/revisions"}],"predecessor-version":[{"id":1389,"href":"https:\/\/www.hotelreginajesolo.it\/de\/wp-json\/wp\/v2\/pages\/1386\/revisions\/1389"}],"wp:attachment":[{"href":"https:\/\/www.hotelreginajesolo.it\/de\/wp-json\/wp\/v2\/media?parent=1386"}],"curies":[{"name":"wp","href":"https:\/\/api.w.org\/{rel}","templated":true}]}}